{"id":4411,"date":"2023-10-05T23:43:45","date_gmt":"2023-10-06T04:43:45","guid":{"rendered":"https:\/\/panamapacificoresidences.com\/requirements-for-residency-in-panama\/"},"modified":"2025-10-06T16:19:35","modified_gmt":"2025-10-06T21:19:35","slug":"requirements-for-residency-in-panama","status":"publish","type":"page","link":"https:\/\/panamapacificoresidences.com\/en\/requirements-for-residency-in-panama\/","title":{"rendered":"Requirements for Residency in Panama"},"content":{"rendered":"\n<p>In this case, we will look at the requirements for Colombian citizens to obtain Panamanian residency.<\/p>\n\n<ol class=\"wp-block-list\"><li>Temporary Residence Visa: The first step to obtaining residency in Panama is to apply for a temporary residence visa. Specific requirements for this visa may include: a. Valid passport with a minimum validity of 6 months. b. Application form, duly completed. c. Two recent passport-size photographs. d. Criminal record certificate issued by the Colombian authorities. e. Certificate of good health issued by a recognized physician. f. Demonstrate sufficient financial solvency to support yourself in Panama.<\/li><li><strong>Stamped Visa:<\/strong> Once your temporary residence visa has been approved, you must travel to Panama and have the visa stamped in your passport. This is done at the Panamanian immigration office within 30 days of visa approval.<\/li><li><strong>Residence Card:<\/strong> After obtaining the stamped visa, you must apply for a residence card in Panama. For this, it may be necessary to submit additional documents such as: a. Proof of address in Panama. b. Proof of income or proof of economic activity in Panama.<\/li><\/ol>\n\n<p><\/p>\n","protected":false},"excerpt":{"rendered":"<p>In this case, we will look at the requirements for Colombian citizens to obtain Panamanian residency. Temporary Residence Visa: The first step to obtaining residency in Panama is to apply for a temporary residence visa. Specific requirements for this visa may include: a. Valid passport with a minimum validity of 6 months. b. Application form, [&hellip;]<\/p>\n","protected":false},"author":2,"featured_media":0,"parent":0,"menu_order":0,"comment_status":"closed","ping_status":"closed","template":"","meta":{"_joinchat":[],"footnotes":""},"class_list":["post-4411","page","type-page","status-publish","hentry"],"yoast_head":"<!-- This site is optimized with the Yoast SEO plugin v26.8 - https:\/\/yoast.com\/product\/yoast-seo-wordpress\/ -->\n<title>Requirements for Residency in Panama | Panam\u00e1 Pac\u00edfico Residences | Casas e Inversi\u00f3n<\/title>\n<meta name=\"description\" content=\"Requirements for Colombian citizens to obtain Panamanian residency\" \/>\n<meta name=\"robots\" content=\"index, follow, max-snippet:-1, max-image-preview:large, max-video-preview:-1\" \/>\n<link rel=\"canonical\" href=\"https:\/\/panamapacificoresidences.com\/en\/requirements-for-residency-in-panama\/\" \/>\n<meta property=\"og:locale\" content=\"en_US\" \/>\n<meta property=\"og:type\" content=\"article\" \/>\n<meta property=\"og:title\" content=\"Requirements for Residency in Panama | Panam\u00e1 Pac\u00edfico Residences | Casas e Inversi\u00f3n\" \/>\n<meta property=\"og:description\" content=\"Requirements for Colombian citizens to obtain Panamanian residency\" \/>\n<meta property=\"og:url\" content=\"https:\/\/panamapacificoresidences.com\/en\/requirements-for-residency-in-panama\/\" \/>\n<meta property=\"og:site_name\" content=\"Panam\u00e1 Pac\u00edfico Residences | Casas e Inversi\u00f3n\" \/>\n<meta property=\"article:publisher\" content=\"https:\/\/www.facebook.com\/PanamaPacificoResidences\/?ref=pages_you_manage\" \/>\n<meta property=\"article:modified_time\" content=\"2025-10-06T21:19:35+00:00\" \/>\n<meta property=\"og:image\" content=\"https:\/\/panamapacificoresidences.com\/wp-content\/uploads\/2024\/03\/RRSS_PPR.png\" \/>\n\t<meta property=\"og:image:width\" content=\"973\" \/>\n\t<meta property=\"og:image:height\" content=\"505\" \/>\n\t<meta property=\"og:image:type\" content=\"image\/png\" \/>\n<meta name=\"twitter:card\" content=\"summary_large_image\" \/>\n<meta name=\"twitter:label1\" content=\"Est. reading time\" \/>\n\t<meta name=\"twitter:data1\" content=\"1 minute\" \/>\n<script type=\"application\/ld+json\" class=\"yoast-schema-graph\">{\"@context\":\"https:\/\/schema.org\",\"@graph\":[{\"@type\":\"WebPage\",\"@id\":\"https:\/\/panamapacificoresidences.com\/en\/requirements-for-residency-in-panama\/\",\"url\":\"https:\/\/panamapacificoresidences.com\/en\/requirements-for-residency-in-panama\/\",\"name\":\"Requirements for Residency in Panama | Panam\u00e1 Pac\u00edfico Residences | Casas e Inversi\u00f3n\",\"isPartOf\":{\"@id\":\"https:\/\/panamapacificoresidences.com\/#website\"},\"datePublished\":\"2023-10-06T04:43:45+00:00\",\"dateModified\":\"2025-10-06T21:19:35+00:00\",\"description\":\"Requirements for Colombian citizens to obtain Panamanian residency\",\"breadcrumb\":{\"@id\":\"https:\/\/panamapacificoresidences.com\/en\/requirements-for-residency-in-panama\/#breadcrumb\"},\"inLanguage\":\"en-US\",\"potentialAction\":[{\"@type\":\"ReadAction\",\"target\":[\"https:\/\/panamapacificoresidences.com\/en\/requirements-for-residency-in-panama\/\"]}]},{\"@type\":\"BreadcrumbList\",\"@id\":\"https:\/\/panamapacificoresidences.com\/en\/requirements-for-residency-in-panama\/#breadcrumb\",\"itemListElement\":[{\"@type\":\"ListItem\",\"position\":1,\"name\":\"Portada\",\"item\":\"https:\/\/panamapacificoresidences.com\/en\/panama-pacific-residences\/\"},{\"@type\":\"ListItem\",\"position\":2,\"name\":\"Requirements for Residency in Panama\"}]},{\"@type\":\"WebSite\",\"@id\":\"https:\/\/panamapacificoresidences.com\/#website\",\"url\":\"https:\/\/panamapacificoresidences.com\/\",\"name\":\"Panama Pacifico Residences\",\"description\":\"&quot;Casas en venta en Panam\u00e1 Pac\u00edfico, perfectas para invertir o vivir. \u00a1Escr\u00edbeme hoy!&quot;\",\"publisher\":{\"@id\":\"https:\/\/panamapacificoresidences.com\/#organization\"},\"potentialAction\":[{\"@type\":\"SearchAction\",\"target\":{\"@type\":\"EntryPoint\",\"urlTemplate\":\"https:\/\/panamapacificoresidences.com\/?s={search_term_string}\"},\"query-input\":{\"@type\":\"PropertyValueSpecification\",\"valueRequired\":true,\"valueName\":\"search_term_string\"}}],\"inLanguage\":\"en-US\"},{\"@type\":\"Organization\",\"@id\":\"https:\/\/panamapacificoresidences.com\/#organization\",\"name\":\"Panama Pacifico Residences\",\"url\":\"https:\/\/panamapacificoresidences.com\/\",\"logo\":{\"@type\":\"ImageObject\",\"inLanguage\":\"en-US\",\"@id\":\"https:\/\/panamapacificoresidences.com\/#\/schema\/logo\/image\/\",\"url\":\"https:\/\/panamapacificoresidences.com\/wp-content\/uploads\/2024\/03\/RRSS_PPR.png\",\"contentUrl\":\"https:\/\/panamapacificoresidences.com\/wp-content\/uploads\/2024\/03\/RRSS_PPR.png\",\"width\":973,\"height\":505,\"caption\":\"Panama Pacifico Residences\"},\"image\":{\"@id\":\"https:\/\/panamapacificoresidences.com\/#\/schema\/logo\/image\/\"},\"sameAs\":[\"https:\/\/www.facebook.com\/PanamaPacificoResidences\/?ref=pages_you_manage\",\"https:\/\/www.instagram.com\/panamapacificoresidences\/\",\"https:\/\/www.pinterest.com\/panamapacificolr\/_created\/\",\"https:\/\/www.youtube.com\/channel\/UC1HioxOPIenpl377hDHaHMw\"]}]}<\/script>\n<!-- \/ Yoast SEO plugin. -->","yoast_head_json":{"title":"Requirements for Residency in Panama | Panam\u00e1 Pac\u00edfico Residences | Casas e Inversi\u00f3n","description":"Requirements for Colombian citizens to obtain Panamanian residency","robots":{"index":"index","follow":"follow","max-snippet":"max-snippet:-1","max-image-preview":"max-image-preview:large","max-video-preview":"max-video-preview:-1"},"canonical":"https:\/\/panamapacificoresidences.com\/en\/requirements-for-residency-in-panama\/","og_locale":"en_US","og_type":"article","og_title":"Requirements for Residency in Panama | Panam\u00e1 Pac\u00edfico Residences | Casas e Inversi\u00f3n","og_description":"Requirements for Colombian citizens to obtain Panamanian residency","og_url":"https:\/\/panamapacificoresidences.com\/en\/requirements-for-residency-in-panama\/","og_site_name":"Panam\u00e1 Pac\u00edfico Residences | Casas e Inversi\u00f3n","article_publisher":"https:\/\/www.facebook.com\/PanamaPacificoResidences\/?ref=pages_you_manage","article_modified_time":"2025-10-06T21:19:35+00:00","og_image":[{"width":973,"height":505,"url":"https:\/\/panamapacificoresidences.com\/wp-content\/uploads\/2024\/03\/RRSS_PPR.png","type":"image\/png"}],"twitter_card":"summary_large_image","twitter_misc":{"Est. reading time":"1 minute"},"schema":{"@context":"https:\/\/schema.org","@graph":[{"@type":"WebPage","@id":"https:\/\/panamapacificoresidences.com\/en\/requirements-for-residency-in-panama\/","url":"https:\/\/panamapacificoresidences.com\/en\/requirements-for-residency-in-panama\/","name":"Requirements for Residency in Panama | Panam\u00e1 Pac\u00edfico Residences | Casas e Inversi\u00f3n","isPartOf":{"@id":"https:\/\/panamapacificoresidences.com\/#website"},"datePublished":"2023-10-06T04:43:45+00:00","dateModified":"2025-10-06T21:19:35+00:00","description":"Requirements for Colombian citizens to obtain Panamanian residency","breadcrumb":{"@id":"https:\/\/panamapacificoresidences.com\/en\/requirements-for-residency-in-panama\/#breadcrumb"},"inLanguage":"en-US","potentialAction":[{"@type":"ReadAction","target":["https:\/\/panamapacificoresidences.com\/en\/requirements-for-residency-in-panama\/"]}]},{"@type":"BreadcrumbList","@id":"https:\/\/panamapacificoresidences.com\/en\/requirements-for-residency-in-panama\/#breadcrumb","itemListElement":[{"@type":"ListItem","position":1,"name":"Portada","item":"https:\/\/panamapacificoresidences.com\/en\/panama-pacific-residences\/"},{"@type":"ListItem","position":2,"name":"Requirements for Residency in Panama"}]},{"@type":"WebSite","@id":"https:\/\/panamapacificoresidences.com\/#website","url":"https:\/\/panamapacificoresidences.com\/","name":"Panama Pacifico Residences","description":"&quot;Casas en venta en Panam\u00e1 Pac\u00edfico, perfectas para invertir o vivir. \u00a1Escr\u00edbeme hoy!&quot;","publisher":{"@id":"https:\/\/panamapacificoresidences.com\/#organization"},"potentialAction":[{"@type":"SearchAction","target":{"@type":"EntryPoint","urlTemplate":"https:\/\/panamapacificoresidences.com\/?s={search_term_string}"},"query-input":{"@type":"PropertyValueSpecification","valueRequired":true,"valueName":"search_term_string"}}],"inLanguage":"en-US"},{"@type":"Organization","@id":"https:\/\/panamapacificoresidences.com\/#organization","name":"Panama Pacifico Residences","url":"https:\/\/panamapacificoresidences.com\/","logo":{"@type":"ImageObject","inLanguage":"en-US","@id":"https:\/\/panamapacificoresidences.com\/#\/schema\/logo\/image\/","url":"https:\/\/panamapacificoresidences.com\/wp-content\/uploads\/2024\/03\/RRSS_PPR.png","contentUrl":"https:\/\/panamapacificoresidences.com\/wp-content\/uploads\/2024\/03\/RRSS_PPR.png","width":973,"height":505,"caption":"Panama Pacifico Residences"},"image":{"@id":"https:\/\/panamapacificoresidences.com\/#\/schema\/logo\/image\/"},"sameAs":["https:\/\/www.facebook.com\/PanamaPacificoResidences\/?ref=pages_you_manage","https:\/\/www.instagram.com\/panamapacificoresidences\/","https:\/\/www.pinterest.com\/panamapacificolr\/_created\/","https:\/\/www.youtube.com\/channel\/UC1HioxOPIenpl377hDHaHMw"]}]}},"_links":{"self":[{"href":"https:\/\/panamapacificoresidences.com\/en\/wp-json\/wp\/v2\/pages\/4411","targetHints":{"allow":["GET"]}}],"collection":[{"href":"https:\/\/panamapacificoresidences.com\/en\/wp-json\/wp\/v2\/pages"}],"about":[{"href":"https:\/\/panamapacificoresidences.com\/en\/wp-json\/wp\/v2\/types\/page"}],"author":[{"embeddable":true,"href":"https:\/\/panamapacificoresidences.com\/en\/wp-json\/wp\/v2\/users\/2"}],"replies":[{"embeddable":true,"href":"https:\/\/panamapacificoresidences.com\/en\/wp-json\/wp\/v2\/comments?post=4411"}],"version-history":[{"count":5,"href":"https:\/\/panamapacificoresidences.com\/en\/wp-json\/wp\/v2\/pages\/4411\/revisions"}],"predecessor-version":[{"id":4421,"href":"https:\/\/panamapacificoresidences.com\/en\/wp-json\/wp\/v2\/pages\/4411\/revisions\/4421"}],"wp:attachment":[{"href":"https:\/\/panamapacificoresidences.com\/en\/wp-json\/wp\/v2\/media?parent=4411"}],"curies":[{"name":"wp","href":"https:\/\/api.w.org\/{rel}","templated":true}]}}