{"id":4417,"date":"2016-04-15T12:23:58","date_gmt":"2016-04-15T17:23:58","guid":{"rendered":"https:\/\/panamapacificoresidences.com\/panama-pacifico-community\/"},"modified":"2016-04-15T12:23:58","modified_gmt":"2016-04-15T17:23:58","slug":"panama-pacifico-community","status":"publish","type":"page","link":"https:\/\/panamapacificoresidences.com\/en\/panama-pacifico-community\/","title":{"rendered":"Panama Pacifico Community"},"content":{"rendered":"","protected":false},"excerpt":{"rendered":"","protected":false},"author":1,"featured_media":0,"parent":0,"menu_order":0,"comment_status":"closed","ping_status":"closed","template":"","meta":{"_joinchat":[],"footnotes":""},"class_list":["post-4417","page","type-page","status-publish","hentry"],"yoast_head":"<!-- This site is optimized with the Yoast SEO plugin v26.8 - https:\/\/yoast.com\/product\/yoast-seo-wordpress\/ -->\n<title>Panama Pacifico The safest community in Panama<\/title>\n<meta name=\"description\" content=\"Living in Panama Pacifico means living peacefully, as it is the safest community in all of Panama.\" \/>\n<meta name=\"robots\" content=\"index, follow, max-snippet:-1, max-image-preview:large, max-video-preview:-1\" \/>\n<link rel=\"canonical\" href=\"https:\/\/panamapacificoresidences.com\/en\/panama-pacifico-community\/\" \/>\n<meta property=\"og:locale\" content=\"en_US\" \/>\n<meta property=\"og:type\" content=\"article\" \/>\n<meta property=\"og:title\" content=\"Panama Pacifico The safest community in Panama\" \/>\n<meta property=\"og:description\" content=\"Living in Panama Pacifico means living peacefully, as it is the safest community in all of Panama.\" \/>\n<meta property=\"og:url\" content=\"https:\/\/panamapacificoresidences.com\/en\/panama-pacifico-community\/\" \/>\n<meta property=\"og:site_name\" content=\"Panam\u00e1 Pac\u00edfico Residences | Casas e Inversi\u00f3n\" \/>\n<meta property=\"article:publisher\" content=\"https:\/\/www.facebook.com\/PanamaPacificoResidences\/?ref=pages_you_manage\" \/>\n<meta property=\"og:image\" content=\"https:\/\/panamapacificoresidences.com\/wp-content\/uploads\/2024\/03\/RRSS_PPR.png\" \/>\n\t<meta property=\"og:image:width\" content=\"973\" \/>\n\t<meta property=\"og:image:height\" content=\"505\" \/>\n\t<meta property=\"og:image:type\" content=\"image\/png\" \/>\n<meta name=\"twitter:card\" content=\"summary_large_image\" \/>\n<script type=\"application\/ld+json\" class=\"yoast-schema-graph\">{\"@context\":\"https:\/\/schema.org\",\"@graph\":[{\"@type\":\"WebPage\",\"@id\":\"https:\/\/panamapacificoresidences.com\/en\/panama-pacifico-community\/\",\"url\":\"https:\/\/panamapacificoresidences.com\/en\/panama-pacifico-community\/\",\"name\":\"Panama Pacifico The safest community in Panama\",\"isPartOf\":{\"@id\":\"https:\/\/panamapacificoresidences.com\/#website\"},\"datePublished\":\"2016-04-15T17:23:58+00:00\",\"description\":\"Living in Panama Pacifico means living peacefully, as it is the safest community in all of Panama.\",\"breadcrumb\":{\"@id\":\"https:\/\/panamapacificoresidences.com\/en\/panama-pacifico-community\/#breadcrumb\"},\"inLanguage\":\"en-US\",\"potentialAction\":[{\"@type\":\"ReadAction\",\"target\":[\"https:\/\/panamapacificoresidences.com\/en\/panama-pacifico-community\/\"]}]},{\"@type\":\"BreadcrumbList\",\"@id\":\"https:\/\/panamapacificoresidences.com\/en\/panama-pacifico-community\/#breadcrumb\",\"itemListElement\":[{\"@type\":\"ListItem\",\"position\":1,\"name\":\"Portada\",\"item\":\"https:\/\/panamapacificoresidences.com\/en\/panama-pacific-residences\/\"},{\"@type\":\"ListItem\",\"position\":2,\"name\":\"Panama Pacifico Community\"}]},{\"@type\":\"WebSite\",\"@id\":\"https:\/\/panamapacificoresidences.com\/#website\",\"url\":\"https:\/\/panamapacificoresidences.com\/\",\"name\":\"Panama Pacifico Residences\",\"description\":\"&quot;Casas en venta en Panam\u00e1 Pac\u00edfico, perfectas para invertir o vivir. \u00a1Escr\u00edbeme hoy!&quot;\",\"publisher\":{\"@id\":\"https:\/\/panamapacificoresidences.com\/#organization\"},\"potentialAction\":[{\"@type\":\"SearchAction\",\"target\":{\"@type\":\"EntryPoint\",\"urlTemplate\":\"https:\/\/panamapacificoresidences.com\/?s={search_term_string}\"},\"query-input\":{\"@type\":\"PropertyValueSpecification\",\"valueRequired\":true,\"valueName\":\"search_term_string\"}}],\"inLanguage\":\"en-US\"},{\"@type\":\"Organization\",\"@id\":\"https:\/\/panamapacificoresidences.com\/#organization\",\"name\":\"Panama Pacifico Residences\",\"url\":\"https:\/\/panamapacificoresidences.com\/\",\"logo\":{\"@type\":\"ImageObject\",\"inLanguage\":\"en-US\",\"@id\":\"https:\/\/panamapacificoresidences.com\/#\/schema\/logo\/image\/\",\"url\":\"https:\/\/panamapacificoresidences.com\/wp-content\/uploads\/2024\/03\/RRSS_PPR.png\",\"contentUrl\":\"https:\/\/panamapacificoresidences.com\/wp-content\/uploads\/2024\/03\/RRSS_PPR.png\",\"width\":973,\"height\":505,\"caption\":\"Panama Pacifico Residences\"},\"image\":{\"@id\":\"https:\/\/panamapacificoresidences.com\/#\/schema\/logo\/image\/\"},\"sameAs\":[\"https:\/\/www.facebook.com\/PanamaPacificoResidences\/?ref=pages_you_manage\",\"https:\/\/www.instagram.com\/panamapacificoresidences\/\",\"https:\/\/www.pinterest.com\/panamapacificolr\/_created\/\",\"https:\/\/www.youtube.com\/channel\/UC1HioxOPIenpl377hDHaHMw\"]}]}<\/script>\n<!-- \/ Yoast SEO plugin. -->","yoast_head_json":{"title":"Panama Pacifico The safest community in Panama","description":"Living in Panama Pacifico means living peacefully, as it is the safest community in all of Panama.","robots":{"index":"index","follow":"follow","max-snippet":"max-snippet:-1","max-image-preview":"max-image-preview:large","max-video-preview":"max-video-preview:-1"},"canonical":"https:\/\/panamapacificoresidences.com\/en\/panama-pacifico-community\/","og_locale":"en_US","og_type":"article","og_title":"Panama Pacifico The safest community in Panama","og_description":"Living in Panama Pacifico means living peacefully, as it is the safest community in all of Panama.","og_url":"https:\/\/panamapacificoresidences.com\/en\/panama-pacifico-community\/","og_site_name":"Panam\u00e1 Pac\u00edfico Residences | Casas e Inversi\u00f3n","article_publisher":"https:\/\/www.facebook.com\/PanamaPacificoResidences\/?ref=pages_you_manage","og_image":[{"width":973,"height":505,"url":"https:\/\/panamapacificoresidences.com\/wp-content\/uploads\/2024\/03\/RRSS_PPR.png","type":"image\/png"}],"twitter_card":"summary_large_image","schema":{"@context":"https:\/\/schema.org","@graph":[{"@type":"WebPage","@id":"https:\/\/panamapacificoresidences.com\/en\/panama-pacifico-community\/","url":"https:\/\/panamapacificoresidences.com\/en\/panama-pacifico-community\/","name":"Panama Pacifico The safest community in Panama","isPartOf":{"@id":"https:\/\/panamapacificoresidences.com\/#website"},"datePublished":"2016-04-15T17:23:58+00:00","description":"Living in Panama Pacifico means living peacefully, as it is the safest community in all of Panama.","breadcrumb":{"@id":"https:\/\/panamapacificoresidences.com\/en\/panama-pacifico-community\/#breadcrumb"},"inLanguage":"en-US","potentialAction":[{"@type":"ReadAction","target":["https:\/\/panamapacificoresidences.com\/en\/panama-pacifico-community\/"]}]},{"@type":"BreadcrumbList","@id":"https:\/\/panamapacificoresidences.com\/en\/panama-pacifico-community\/#breadcrumb","itemListElement":[{"@type":"ListItem","position":1,"name":"Portada","item":"https:\/\/panamapacificoresidences.com\/en\/panama-pacific-residences\/"},{"@type":"ListItem","position":2,"name":"Panama Pacifico Community"}]},{"@type":"WebSite","@id":"https:\/\/panamapacificoresidences.com\/#website","url":"https:\/\/panamapacificoresidences.com\/","name":"Panama Pacifico Residences","description":"&quot;Casas en venta en Panam\u00e1 Pac\u00edfico, perfectas para invertir o vivir. \u00a1Escr\u00edbeme hoy!&quot;","publisher":{"@id":"https:\/\/panamapacificoresidences.com\/#organization"},"potentialAction":[{"@type":"SearchAction","target":{"@type":"EntryPoint","urlTemplate":"https:\/\/panamapacificoresidences.com\/?s={search_term_string}"},"query-input":{"@type":"PropertyValueSpecification","valueRequired":true,"valueName":"search_term_string"}}],"inLanguage":"en-US"},{"@type":"Organization","@id":"https:\/\/panamapacificoresidences.com\/#organization","name":"Panama Pacifico Residences","url":"https:\/\/panamapacificoresidences.com\/","logo":{"@type":"ImageObject","inLanguage":"en-US","@id":"https:\/\/panamapacificoresidences.com\/#\/schema\/logo\/image\/","url":"https:\/\/panamapacificoresidences.com\/wp-content\/uploads\/2024\/03\/RRSS_PPR.png","contentUrl":"https:\/\/panamapacificoresidences.com\/wp-content\/uploads\/2024\/03\/RRSS_PPR.png","width":973,"height":505,"caption":"Panama Pacifico Residences"},"image":{"@id":"https:\/\/panamapacificoresidences.com\/#\/schema\/logo\/image\/"},"sameAs":["https:\/\/www.facebook.com\/PanamaPacificoResidences\/?ref=pages_you_manage","https:\/\/www.instagram.com\/panamapacificoresidences\/","https:\/\/www.pinterest.com\/panamapacificolr\/_created\/","https:\/\/www.youtube.com\/channel\/UC1HioxOPIenpl377hDHaHMw"]}]}},"_links":{"self":[{"href":"https:\/\/panamapacificoresidences.com\/en\/wp-json\/wp\/v2\/pages\/4417","targetHints":{"allow":["GET"]}}],"collection":[{"href":"https:\/\/panamapacificoresidences.com\/en\/wp-json\/wp\/v2\/pages"}],"about":[{"href":"https:\/\/panamapacificoresidences.com\/en\/wp-json\/wp\/v2\/types\/page"}],"author":[{"embeddable":true,"href":"https:\/\/panamapacificoresidences.com\/en\/wp-json\/wp\/v2\/users\/1"}],"replies":[{"embeddable":true,"href":"https:\/\/panamapacificoresidences.com\/en\/wp-json\/wp\/v2\/comments?post=4417"}],"version-history":[{"count":0,"href":"https:\/\/panamapacificoresidences.com\/en\/wp-json\/wp\/v2\/pages\/4417\/revisions"}],"wp:attachment":[{"href":"https:\/\/panamapacificoresidences.com\/en\/wp-json\/wp\/v2\/media?parent=4417"}],"curies":[{"name":"wp","href":"https:\/\/api.w.org\/{rel}","templated":true}]}}